{"id":14967,"date":"2025-03-17T18:00:55","date_gmt":"2025-03-18T01:00:55","guid":{"rendered":"https:\/\/www.neverhateonlylove.com\/invitacion\/"},"modified":"2025-03-17T18:02:34","modified_gmt":"2025-03-18T01:02:34","slug":"invitacion","status":"publish","type":"page","link":"https:\/\/www.neverhateonlylove.com\/es\/invitacion\/","title":{"rendered":"Invitaci\u00f3n"},"content":{"rendered":"<div class=\"wpb-content-wrapper\"><p>[vc_row][vc_column width=&#8221;1\/6&#8243;][\/vc_column][vc_column width=&#8221;2\/3&#8243;][vc_single_image image=&#8221;14960&#8243; img_size=&#8221;full&#8221; css=&#8221;&#8221;][vc_column_text css=&#8221;&#8221;]<\/p>\n<h3>1. Por favor env\u00edenme la invitaci\u00f3n<\/h3>\n<h5>para formar parte de este movimiento global de uni\u00f3n llamado NeverHateOnlyLove,<br \/>\n2. una vez aceptado y registrado en este sitio web me comprometo a seguir &#8220;Las 3 reglas&#8221; en todos los aspectos de mi vida a partir de ahora<br \/>\nporque esto promover\u00e1 un estado genuino de uni\u00f3n con mis hermanos y hermanas humanos,<br \/>\n3. comenzando siempre y especialmente con aquellos miembros de esta red social.<br \/>\n4. En este momento abandono el paradigma arcaico de negatividad y divisi\u00f3n y nunca m\u00e1s aceptar\u00e9 nada de eso,<br \/>\n5. ahora promuevo y defiendo la positividad y la uni\u00f3n siempre con buenos modales, mientras rechazo pac\u00edficamente todo lo que genere divisi\u00f3n.<\/h5>\n<h3>Las 3 reglas:<br \/>\n1. Nunca te enojes.<br \/>\n2. Nunca des energ\u00eda negativa.<br \/>\n3. Nunca des la espalda y te vayas.<\/h3>\n<p>[\/vc_column_text]\n<div class=\"wpcf7 no-js\" id=\"wpcf7-f14964-o1\" lang=\"en-US\" dir=\"ltr\" data-wpcf7-id=\"14964\">\n<div class=\"screen-reader-response\"><p role=\"status\" aria-live=\"polite\" aria-atomic=\"true\"><\/p> <ul><\/ul><\/div>\n<form action=\"\/es\/wp-json\/wp\/v2\/pages\/14967#wpcf7-f14964-o1\" method=\"post\" class=\"wpcf7-form init\" aria-label=\"Contact form\" novalidate=\"novalidate\" data-status=\"init\">\n<fieldset class=\"hidden-fields-container\"><input type=\"hidden\" name=\"_wpcf7\" value=\"14964\" \/><input type=\"hidden\" name=\"_wpcf7_version\" value=\"6.1.5\" \/><input type=\"hidden\" name=\"_wpcf7_locale\" value=\"en_US\" \/><input type=\"hidden\" name=\"_wpcf7_unit_tag\" value=\"wpcf7-f14964-o1\" \/><input type=\"hidden\" name=\"_wpcf7_container_post\" value=\"0\" \/><input type=\"hidden\" name=\"_wpcf7_posted_data_hash\" value=\"\" \/><input type=\"hidden\" name=\"_cf7a__timestamp\" value=\"7Jp5QYxWiAXtqcSg5Bq0HA==\" \/><input type=\"hidden\" name=\"_cf7a_version\" value=\"1.0\" \/><input type=\"hidden\" name=\"_cf7a_address\" value=\"\" \/><input type=\"hidden\" name=\"_cf7a_referer\" value=\"\" \/><input type=\"hidden\" name=\"_cf7a_protocol\" value=\"\" \/>\n<\/fieldset>\n<p><label> \"S\u00ed, por favor env\u00edenme la invitaci\u00f3n para formar parte del movimiento global de uni\u00f3n NuncaOdiesS\u00f3loAma.\" <\/label>\n<\/p>\n<p><label> Tu nombre<br \/>\n<span class=\"wpcf7-form-control-wrap\" data-name=\"your-name\"><input size=\"40\" maxlength=\"400\" class=\"wpcf7-form-control wpcf7-text wpcf7-validates-as-required\" aria-required=\"true\" aria-invalid=\"false\" value=\"\" type=\"text\" name=\"your-name\" \/><input type=\"text\" name=\"name\" value=\"\" autocomplete=\"fill\" class=\"fit-the-fullspace\" aria-hidden=\"true\" tabindex=\"-1\" \/><\/span> <\/label>\n<\/p>\n<p><label> Tu correo electr\u00f3nico<br \/>\n<span class=\"wpcf7-form-control-wrap\" data-name=\"your-email\"><input size=\"40\" maxlength=\"400\" class=\"wpcf7-form-control wpcf7-email wpcf7-validates-as-required wpcf7-text wpcf7-validates-as-email\" aria-required=\"true\" aria-invalid=\"false\" value=\"\" type=\"email\" name=\"your-email\" \/><\/span> <\/label>\n<\/p>\n<p><label> \u00bfPor qu\u00e9 quieres convertirte en uno de nosotros?<br \/>\n<span class=\"wpcf7-form-control-wrap\" data-name=\"your-message\"><textarea cols=\"40\" rows=\"10\" maxlength=\"2000\" class=\"wpcf7-form-control wpcf7-textarea\" aria-invalid=\"false\" name=\"your-message\"><\/textarea><\/span> <\/label>\n<\/p>\n<p><label> Prueba que eres humano<br \/>\n<div class=\"dscf7-captcha-container\"><input name=\"dscf7_hidden_val1-dscf7captcha\" id=\"dscf7_hidden_val1-dscf7captcha\" type=\"hidden\" value=\"1\" \/><input name=\"dscf7_hidden_val2-dscf7captcha\" id=\"dscf7_hidden_val2-dscf7captcha\" type=\"hidden\" value=\"1\" \/><input name=\"dscf7_hidden_action-dscf7captcha\" id=\"dscf7_hidden_action-dscf7captcha\" type=\"hidden\" value=\"x\" \/><div class=\"dscf7-question-container\"><span class=\"dscf7_lt\">What is 1 x 1 ? <a href=\"javascript:void(0)\" id=\"dscf7captcha\" class=\"dscf7_refresh_captcha\" aria-label=\"Refresh captcha\"><img decoding=\"async\" class=\"dscf7_captcha_icon lazyload\" data-src=\"https:\/\/www.neverhateonlylove.com\/wp-content\/plugins\/ds-cf7-math-captcha\/assets\/img\/icons8-refresh-30.png\" alt=\"Refresh icon\" src=\"data:image\/svg+xml;base64,PHN2ZyB3aWR0aD0iMSIgaGVpZ2h0PSIxIiB4bWxucz0iaHR0cDovL3d3dy53My5vcmcvMjAwMC9zdmciPjwvc3ZnPg==\" style=\"--smush-placeholder-width: 30px; --smush-placeholder-aspect-ratio: 30\/30;\" \/><img decoding=\"async\" class=\"dscf7_captcha_reload_icon lazyload\" data-src=\"https:\/\/www.neverhateonlylove.com\/wp-content\/plugins\/ds-cf7-math-captcha\/assets\/img\/446bcd468478f5bfb7b4e5c804571392_w200.gif\" alt=\"Refreshing captcha\" style=\"--smush-placeholder-width: 200px; --smush-placeholder-aspect-ratio: 200\/200;display:none; width:30px\" src=\"data:image\/svg+xml;base64,PHN2ZyB3aWR0aD0iMSIgaGVpZ2h0PSIxIiB4bWxucz0iaHR0cDovL3d3dy53My5vcmcvMjAwMC9zdmciPjwvc3ZnPg==\" \/><\/a><\/span><\/div><div class=\"dscf7-answer-container\"><label for=\"dscf7captcha-input\" class=\"screen-reader-text\">Answer for 1 x 1<\/label><span class=\"wpcf7-form-control-wrap\" data-name=\"dscf7captcha\"><input type=\"text\" name=\"phone\" value=\"\" autocomplete=\"fill\" class=\"fit-the-fullspace\" aria-hidden=\"true\" tabindex=\"-1\" \/><input type=\"text\" id=\"dscf7captcha-input\" aria-label=\"Answer for 1 x 1\" class=\"wpcf7-form-control wpcf7-text\" size=\"5\" value=\"\" name=\"dscf7captcha\" placeholder=\"Type your answer\" style=\"\" oninput=\"this.value = this.value.replace(\/[^0-9.]\/g, '').replace(\/(\\..*)\\.\/g, '$1');\"><\/span><input type=\"hidden\" name=\"ds_cf7_nonce\" value=\"0cedf0a65d\"><\/div><\/div><br \/>\n<input class=\"wpcf7-form-control wpcf7-submit has-spinner\" type=\"submit\" value=\"Enviar\" \/><\/label>\n<\/p><div class=\"wpcf7-response-output\" aria-hidden=\"true\"><\/div>\n<\/form>\n<\/div>\n[\/vc_column][vc_column width=&#8221;1\/6&#8243;][\/vc_column][\/vc_row]<\/p>\n<\/div>","protected":false},"excerpt":{"rendered":"<p>[vc_row][vc_column width=&#8221;1\/6&#8243;][\/vc_column][vc_column width=&#8221;2\/3&#8243;][vc_single_image image=&#8221;14960&#8243; img_size=&#8221;full&#8221; css=&#8221;&#8221;][vc_column_text css=&#8221;&#8221;] 1. Por favor env\u00edenme la invitaci\u00f3n para formar parte de este movimiento global de uni\u00f3n llamado NeverHateOnlyLove, 2. una vez aceptado y registrado en este sitio web me comprometo a seguir &#8220;Las 3 reglas&#8221; en todos los aspectos de mi vida a partir de ahora porque esto promover\u00e1 un estado genuino de uni\u00f3n [&hellip;]<\/p>\n","protected":false},"author":1,"featured_media":14960,"parent":0,"menu_order":0,"comment_status":"closed","ping_status":"closed","template":"","meta":{"_bbp_topic_count":0,"_bbp_reply_count":0,"_bbp_total_topic_count":0,"_bbp_total_reply_count":0,"_bbp_voice_count":0,"_bbp_anonymous_reply_count":0,"_bbp_topic_count_hidden":0,"_bbp_reply_count_hidden":0,"_bbp_forum_subforum_count":0,"pmpro_default_level":"","footnotes":""},"class_list":["post-14967","page","type-page","status-publish","has-post-thumbnail","hentry","pmpro-has-access"],"yoast_head":"<!-- This site is optimized with the Yoast SEO Premium plugin v26.6 (Yoast SEO v27.5) - https:\/\/yoast.com\/product\/yoast-seo-premium-wordpress\/ -->\n<title>Invitaci\u00f3n - NeverHateOnlyLove<\/title>\n<meta name=\"robots\" content=\"index, follow, max-snippet:-1, max-image-preview:large, max-video-preview:-1\" \/>\n<link rel=\"canonical\" href=\"https:\/\/www.neverhateonlylove.com\/es\/invitacion\/\" \/>\n<meta property=\"og:locale\" content=\"es_ES\" \/>\n<meta property=\"og:type\" content=\"article\" \/>\n<meta property=\"og:title\" content=\"Invitaci\u00f3n\" \/>\n<meta property=\"og:description\" content=\"[vc_row][vc_column width=&#8221;1\/6&#8243;][\/vc_column][vc_column width=&#8221;2\/3&#8243;][vc_single_image image=&#8221;14960&#8243; img_size=&#8221;full&#8221; css=&#8221;&#8221;][vc_column_text css=&#8221;&#8221;] 1. Por favor env\u00edenme la invitaci\u00f3n para formar parte de este movimiento global de uni\u00f3n llamado NeverHateOnlyLove, 2. una vez aceptado y registrado en este sitio web me comprometo a seguir &#8220;Las 3 reglas&#8221; en todos los aspectos de mi vida a partir de ahora porque esto promover\u00e1 un estado genuino de uni\u00f3n [&hellip;]\" \/>\n<meta property=\"og:url\" content=\"https:\/\/www.neverhateonlylove.com\/es\/invitacion\/\" \/>\n<meta property=\"og:site_name\" content=\"NeverHateOnlyLove\" \/>\n<meta property=\"article:modified_time\" content=\"2025-03-18T01:02:34+00:00\" \/>\n<meta property=\"og:image\" content=\"https:\/\/www.neverhateonlylove.com\/wp-content\/uploads\/2025\/03\/Beautiful-Girl-Widescreen-1.jpg\" \/>\n\t<meta property=\"og:image:width\" content=\"1920\" \/>\n\t<meta property=\"og:image:height\" content=\"1200\" \/>\n\t<meta property=\"og:image:type\" content=\"image\/jpeg\" \/>\n<meta name=\"twitter:card\" content=\"summary_large_image\" \/>\n<meta name=\"twitter:label1\" content=\"Tiempo de lectura\" \/>\n\t<meta name=\"twitter:data1\" content=\"1 minuto\" \/>\n<script type=\"application\/ld+json\" class=\"yoast-schema-graph\">{\"@context\":\"https:\\\/\\\/schema.org\",\"@graph\":[{\"@type\":\"WebPage\",\"@id\":\"https:\\\/\\\/www.neverhateonlylove.com\\\/es\\\/invitacion\\\/\",\"url\":\"https:\\\/\\\/www.neverhateonlylove.com\\\/es\\\/invitacion\\\/\",\"name\":\"Invitaci\u00f3n - NeverHateOnlyLove\",\"isPartOf\":{\"@id\":\"https:\\\/\\\/www.neverhateonlylove.com\\\/#website\"},\"primaryImageOfPage\":{\"@id\":\"https:\\\/\\\/www.neverhateonlylove.com\\\/es\\\/invitacion\\\/#primaryimage\"},\"image\":{\"@id\":\"https:\\\/\\\/www.neverhateonlylove.com\\\/es\\\/invitacion\\\/#primaryimage\"},\"thumbnailUrl\":\"https:\\\/\\\/www.neverhateonlylove.com\\\/wp-content\\\/uploads\\\/2025\\\/03\\\/Beautiful-Girl-Widescreen-1.jpg\",\"datePublished\":\"2025-03-18T01:00:55+00:00\",\"dateModified\":\"2025-03-18T01:02:34+00:00\",\"breadcrumb\":{\"@id\":\"https:\\\/\\\/www.neverhateonlylove.com\\\/es\\\/invitacion\\\/#breadcrumb\"},\"inLanguage\":\"es\",\"potentialAction\":[{\"@type\":\"ReadAction\",\"target\":[\"https:\\\/\\\/www.neverhateonlylove.com\\\/es\\\/invitacion\\\/\"]}]},{\"@type\":\"ImageObject\",\"inLanguage\":\"es\",\"@id\":\"https:\\\/\\\/www.neverhateonlylove.com\\\/es\\\/invitacion\\\/#primaryimage\",\"url\":\"https:\\\/\\\/www.neverhateonlylove.com\\\/wp-content\\\/uploads\\\/2025\\\/03\\\/Beautiful-Girl-Widescreen-1.jpg\",\"contentUrl\":\"https:\\\/\\\/www.neverhateonlylove.com\\\/wp-content\\\/uploads\\\/2025\\\/03\\\/Beautiful-Girl-Widescreen-1.jpg\",\"width\":1920,\"height\":1200},{\"@type\":\"BreadcrumbList\",\"@id\":\"https:\\\/\\\/www.neverhateonlylove.com\\\/es\\\/invitacion\\\/#breadcrumb\",\"itemListElement\":[{\"@type\":\"ListItem\",\"position\":1,\"name\":\"Home\",\"item\":\"https:\\\/\\\/www.neverhateonlylove.com\\\/es\\\/\"},{\"@type\":\"ListItem\",\"position\":2,\"name\":\"Invitaci\u00f3n\"}]},{\"@type\":\"WebSite\",\"@id\":\"https:\\\/\\\/www.neverhateonlylove.com\\\/#website\",\"url\":\"https:\\\/\\\/www.neverhateonlylove.com\\\/\",\"name\":\"NeverHateOnlyLove\",\"description\":\"Humanity for everyone\",\"publisher\":{\"@id\":\"https:\\\/\\\/www.neverhateonlylove.com\\\/#organization\"},\"potentialAction\":[{\"@type\":\"SearchAction\",\"target\":{\"@type\":\"EntryPoint\",\"urlTemplate\":\"https:\\\/\\\/www.neverhateonlylove.com\\\/?s={search_term_string}\"},\"query-input\":{\"@type\":\"PropertyValueSpecification\",\"valueRequired\":true,\"valueName\":\"search_term_string\"}}],\"inLanguage\":\"es\"},{\"@type\":\"Organization\",\"@id\":\"https:\\\/\\\/www.neverhateonlylove.com\\\/#organization\",\"name\":\"NeverHateOnlyLove\",\"url\":\"https:\\\/\\\/www.neverhateonlylove.com\\\/\",\"logo\":{\"@type\":\"ImageObject\",\"inLanguage\":\"es\",\"@id\":\"https:\\\/\\\/www.neverhateonlylove.com\\\/#\\\/schema\\\/logo\\\/image\\\/\",\"url\":\"https:\\\/\\\/www.neverhateonlylove.com\\\/wp-content\\\/uploads\\\/2025\\\/03\\\/nhollogo2020-96.png\",\"contentUrl\":\"https:\\\/\\\/www.neverhateonlylove.com\\\/wp-content\\\/uploads\\\/2025\\\/03\\\/nhollogo2020-96.png\",\"width\":735,\"height\":512,\"caption\":\"NeverHateOnlyLove\"},\"image\":{\"@id\":\"https:\\\/\\\/www.neverhateonlylove.com\\\/#\\\/schema\\\/logo\\\/image\\\/\"}}]}<\/script>\n<!-- \/ Yoast SEO Premium plugin. -->","yoast_head_json":{"title":"Invitaci\u00f3n - NeverHateOnlyLove","robots":{"index":"index","follow":"follow","max-snippet":"max-snippet:-1","max-image-preview":"max-image-preview:large","max-video-preview":"max-video-preview:-1"},"canonical":"https:\/\/www.neverhateonlylove.com\/es\/invitacion\/","og_locale":"es_ES","og_type":"article","og_title":"Invitaci\u00f3n","og_description":"[vc_row][vc_column width=&#8221;1\/6&#8243;][\/vc_column][vc_column width=&#8221;2\/3&#8243;][vc_single_image image=&#8221;14960&#8243; img_size=&#8221;full&#8221; css=&#8221;&#8221;][vc_column_text css=&#8221;&#8221;] 1. Por favor env\u00edenme la invitaci\u00f3n para formar parte de este movimiento global de uni\u00f3n llamado NeverHateOnlyLove, 2. una vez aceptado y registrado en este sitio web me comprometo a seguir &#8220;Las 3 reglas&#8221; en todos los aspectos de mi vida a partir de ahora porque esto promover\u00e1 un estado genuino de uni\u00f3n [&hellip;]","og_url":"https:\/\/www.neverhateonlylove.com\/es\/invitacion\/","og_site_name":"NeverHateOnlyLove","article_modified_time":"2025-03-18T01:02:34+00:00","og_image":[{"width":1920,"height":1200,"url":"https:\/\/www.neverhateonlylove.com\/wp-content\/uploads\/2025\/03\/Beautiful-Girl-Widescreen-1.jpg","type":"image\/jpeg"}],"twitter_card":"summary_large_image","twitter_misc":{"Tiempo de lectura":"1 minuto"},"schema":{"@context":"https:\/\/schema.org","@graph":[{"@type":"WebPage","@id":"https:\/\/www.neverhateonlylove.com\/es\/invitacion\/","url":"https:\/\/www.neverhateonlylove.com\/es\/invitacion\/","name":"Invitaci\u00f3n - NeverHateOnlyLove","isPartOf":{"@id":"https:\/\/www.neverhateonlylove.com\/#website"},"primaryImageOfPage":{"@id":"https:\/\/www.neverhateonlylove.com\/es\/invitacion\/#primaryimage"},"image":{"@id":"https:\/\/www.neverhateonlylove.com\/es\/invitacion\/#primaryimage"},"thumbnailUrl":"https:\/\/www.neverhateonlylove.com\/wp-content\/uploads\/2025\/03\/Beautiful-Girl-Widescreen-1.jpg","datePublished":"2025-03-18T01:00:55+00:00","dateModified":"2025-03-18T01:02:34+00:00","breadcrumb":{"@id":"https:\/\/www.neverhateonlylove.com\/es\/invitacion\/#breadcrumb"},"inLanguage":"es","potentialAction":[{"@type":"ReadAction","target":["https:\/\/www.neverhateonlylove.com\/es\/invitacion\/"]}]},{"@type":"ImageObject","inLanguage":"es","@id":"https:\/\/www.neverhateonlylove.com\/es\/invitacion\/#primaryimage","url":"https:\/\/www.neverhateonlylove.com\/wp-content\/uploads\/2025\/03\/Beautiful-Girl-Widescreen-1.jpg","contentUrl":"https:\/\/www.neverhateonlylove.com\/wp-content\/uploads\/2025\/03\/Beautiful-Girl-Widescreen-1.jpg","width":1920,"height":1200},{"@type":"BreadcrumbList","@id":"https:\/\/www.neverhateonlylove.com\/es\/invitacion\/#breadcrumb","itemListElement":[{"@type":"ListItem","position":1,"name":"Home","item":"https:\/\/www.neverhateonlylove.com\/es\/"},{"@type":"ListItem","position":2,"name":"Invitaci\u00f3n"}]},{"@type":"WebSite","@id":"https:\/\/www.neverhateonlylove.com\/#website","url":"https:\/\/www.neverhateonlylove.com\/","name":"NeverHateOnlyLove","description":"Humanity for everyone","publisher":{"@id":"https:\/\/www.neverhateonlylove.com\/#organization"},"potentialAction":[{"@type":"SearchAction","target":{"@type":"EntryPoint","urlTemplate":"https:\/\/www.neverhateonlylove.com\/?s={search_term_string}"},"query-input":{"@type":"PropertyValueSpecification","valueRequired":true,"valueName":"search_term_string"}}],"inLanguage":"es"},{"@type":"Organization","@id":"https:\/\/www.neverhateonlylove.com\/#organization","name":"NeverHateOnlyLove","url":"https:\/\/www.neverhateonlylove.com\/","logo":{"@type":"ImageObject","inLanguage":"es","@id":"https:\/\/www.neverhateonlylove.com\/#\/schema\/logo\/image\/","url":"https:\/\/www.neverhateonlylove.com\/wp-content\/uploads\/2025\/03\/nhollogo2020-96.png","contentUrl":"https:\/\/www.neverhateonlylove.com\/wp-content\/uploads\/2025\/03\/nhollogo2020-96.png","width":735,"height":512,"caption":"NeverHateOnlyLove"},"image":{"@id":"https:\/\/www.neverhateonlylove.com\/#\/schema\/logo\/image\/"}}]}},"_links":{"self":[{"href":"https:\/\/www.neverhateonlylove.com\/es\/wp-json\/wp\/v2\/pages\/14967","targetHints":{"allow":["GET"]}}],"collection":[{"href":"https:\/\/www.neverhateonlylove.com\/es\/wp-json\/wp\/v2\/pages"}],"about":[{"href":"https:\/\/www.neverhateonlylove.com\/es\/wp-json\/wp\/v2\/types\/page"}],"author":[{"embeddable":true,"href":"https:\/\/www.neverhateonlylove.com\/es\/wp-json\/wp\/v2\/users\/1"}],"replies":[{"embeddable":true,"href":"https:\/\/www.neverhateonlylove.com\/es\/wp-json\/wp\/v2\/comments?post=14967"}],"version-history":[{"count":5,"href":"https:\/\/www.neverhateonlylove.com\/es\/wp-json\/wp\/v2\/pages\/14967\/revisions"}],"predecessor-version":[{"id":14972,"href":"https:\/\/www.neverhateonlylove.com\/es\/wp-json\/wp\/v2\/pages\/14967\/revisions\/14972"}],"wp:featuredmedia":[{"embeddable":true,"href":"https:\/\/www.neverhateonlylove.com\/es\/wp-json\/wp\/v2\/media\/14960"}],"wp:attachment":[{"href":"https:\/\/www.neverhateonlylove.com\/es\/wp-json\/wp\/v2\/media?parent=14967"}],"curies":[{"name":"wp","href":"https:\/\/api.w.org\/{rel}","templated":true}]}}