{"id":14937,"date":"2025-03-17T14:03:05","date_gmt":"2025-03-17T21:03:05","guid":{"rendered":"https:\/\/www.neverhateonlylove.com\/portada-2\/"},"modified":"2025-10-08T22:01:56","modified_gmt":"2025-10-09T05:01:56","slug":"portada","status":"publish","type":"page","link":"https:\/\/www.neverhateonlylove.com\/es\/","title":{"rendered":"Portada"},"content":{"rendered":"<div class=\"wpb-content-wrapper\"><p>[vc_row][vc_column][vc_single_image image=&#8221;14917&#8243; img_size=&#8221;full&#8221; alignment=&#8221;center&#8221; css=&#8221;&#8221; full_width=&#8221;yes&#8221; animation=&#8221;animate-when-almost-visible&#8221; css_animation=&#8221;top-to-bottom&#8221;][vc_column_text css=&#8221;&#8221;]<\/p>\n<h1 style=\"text-align: center;\">&#8211; ACEPTACION Y RESPETO SIEMPRE &#8211;<\/h1>\n<p>[\/vc_column_text][vc_custom_heading text=&#8221;SOMOS EL MOVIMIENTO GLOBAL DE UNI\u00d3N&#8221; font_container=&#8221;tag:h1|font_size:44|text_align:center|color:%239C0D0D&#8221; google_fonts=&#8221;font_family:Racing%20Sans%20One%3Aregular|font_style:400%20regular%3A400%3Anormal&#8221; css=&#8221;&#8221;][vc_row_inner css=&#8221;.vc_custom_1744956238688{background-color: #81D74273 !important;}&#8221;][vc_column_inner width=&#8221;1\/2&#8243;][vc_empty_space][vc_column_text css=&#8221;&#8221;]<\/p>\n<h4 style=\"text-align: center;\">&#8220;UNION TAL CUAL&#8221;<br \/>\n<em>Cortes\u00eda de <a href=\"https:\/\/loprod.com\/liomusik\/\"><strong>LioMusik<\/strong><\/a><\/em><\/h4>\n<p style=\"text-align: center;\">Al\u00e9grate escuchando esta canci\u00f3n,<br \/>\nmientras disfrutas leyendo esta incre\u00edble informaci\u00f3n.<\/p>\n<p>[\/vc_column_text][vc_empty_space][\/vc_column_inner][vc_column_inner width=&#8221;1\/2&#8243;][vc_empty_space][vc_column_text css=&#8221;&#8221;]<\/p>\n<h4 style=\"text-align: left;\"><strong>Reproducir Pista:<\/strong><\/h4>\n<div class=\"sc_fancy_player_container\"><!--[if lt IE 9]><script>document.createElement('audio');<\/script><![endif]-->\n<audio class=\"wp-audio-shortcode\" id=\"audio-14937-1\" preload=\"none\" style=\"width: 100%;\" controls=\"controls\"><source type=\"audio\/mpeg\" src=\"https:\/\/loprod.com\/liomusik\/albdeeplube\/Lio-03Uniteasone.mp3?_=1\" \/><a href=\"https:\/\/loprod.com\/liomusik\/albdeeplube\/Lio-03Uniteasone.mp3\">https:\/\/loprod.com\/liomusik\/albdeeplube\/Lio-03Uniteasone.mp3<\/a><\/audio><\/div>[\/vc_column_text][vc_empty_space][\/vc_column_inner][\/vc_row_inner][\/vc_column][\/vc_row][vc_section full_height=&#8221;yes&#8221; content_placement=&#8221;middle&#8221;][vc_row full_height=&#8221;yes&#8221; section_type=&#8221;socket&#8221; type=&#8221;image&#8221; bg_gradient=&#8221;yes&#8221; bg_position=&#8221;center&#8221; bg_position_horizontal=&#8221;center&#8221; bg_attachment=&#8221;true&#8221; enable_parallax=&#8221;false&#8221; bg_image=&#8221;14924&#8243;][vc_column][vc_column_text css=&#8221;&#8221;]<\/p>\n<h1 style=\"text-align: center;\">NOSOTROS DECIMOS:<\/h1>\n<p>[\/vc_column_text][vc_column_text css=&#8221;&#8221;]<\/p>\n<h1 style=\"text-align: center;\">1. Nunca te enojes.<\/h1>\n<p>[\/vc_column_text][vc_column_text css=&#8221;&#8221;]<\/p>\n<h1 style=\"text-align: center;\">2. Nunca des energ\u00eda negativa.<\/h1>\n<p>[\/vc_column_text][vc_column_text css=&#8221;&#8221;]<\/p>\n<h1 style=\"text-align: center;\">3. Nunca des la espalda y te vayas.<\/h1>\n<p>[\/vc_column_text][vc_empty_space]\n\t<div  class=\"hr-title hr-double hr-center\" style=\"\"><abbr><i class=\"icon-paper-plane icon-large\"><\/i> eleva la humanidad con nosotros juntos<\/abbr><\/div>[\/vc_column][\/vc_row][vc_row section_type=&#8221;footer&#8221; type=&#8221;image&#8221; bg_gradient=&#8221;yes&#8221; bg_position_horizontal=&#8221;center&#8221; bg_attachment=&#8221;true&#8221; enable_parallax=&#8221;false&#8221; bg_image=&#8221;14920&#8243;][vc_column width=&#8221;1\/6&#8243;][\/vc_column][vc_column width=&#8221;2\/3&#8243;][vc_empty_space][vc_column_text css=&#8221;&#8221;]<\/p>\n<h1>\u00a1Por fin la era del humano!<\/h1>\n<h1>Ven a respirar con nosotros:<\/h1>\n<h1>Inhala s\u00f3lo aceptaci\u00f3n y respeto<\/h1>\n<h1>para exhalar positividad y humanidad.<\/h1>\n<p>[\/vc_column_text][vc_empty_space][\/vc_column][vc_column width=&#8221;1\/6&#8243;][\/vc_column][\/vc_row][vc_row][vc_column width=&#8221;1\/2&#8243;][vc_empty_space][vc_column_text css=&#8221;&#8221;]<\/p>\n<h1 style=\"text-align: right;\">EL REMEDIO<\/h1>\n<p>[\/vc_column_text][\/vc_column][vc_column width=&#8221;1\/2&#8243;][vc_empty_space][vc_column_text css=&#8221;&#8221;]<\/p>\n<h1><span style=\"color: #000000;\">DE REMEDIOS *<\/span><\/h1>\n<p>[\/vc_column_text][\/vc_column][\/vc_row][vc_row][vc_column width=&#8221;1\/2&#8243;][vc_empty_space][vc_column_text css=&#8221;&#8221;]<\/p>\n<h1 style=\"text-align: right;\">Si te enojas&#8230;<\/h1>\n<p>[\/vc_column_text][\/vc_column][vc_column width=&#8221;1\/2&#8243;][vc_empty_space][vc_column_text css=&#8221;&#8221;]<\/p>\n<h1><span style=\"color: #000000;\">CONECTA:<\/span><br \/>\n<span style=\"color: #000000;\">&#8220;Nunca odies solo ama&#8221;.<\/span><\/h1>\n<p>[\/vc_column_text][\/vc_column][\/vc_row][vc_row][vc_column width=&#8221;1\/2&#8243;][vc_empty_space][vc_column_text css=&#8221;&#8221;]<\/p>\n<h1 style=\"text-align: right;\">Si empieza a salir energ\u00eda negativa de ti&#8230;<\/h1>\n<p>[\/vc_column_text][\/vc_column][vc_column width=&#8221;1\/2&#8243;][vc_empty_space][vc_column_text css=&#8221;&#8221;]<\/p>\n<h1><span style=\"color: #000000;\">FEEL:<\/span><br \/>\n<span style=\"color: #000000;\">&#8220;Never hate only love&#8221;.<\/span><\/h1>\n<p>[\/vc_column_text][\/vc_column][\/vc_row][vc_row][vc_column width=&#8221;1\/2&#8243;][vc_empty_space][vc_column_text css=&#8221;&#8221;]<\/p>\n<h1 style=\"text-align: right;\">Si est\u00e1s a punto de dar la espalda y marcharte inmediatamente, sin explicaciones&#8230;.<\/h1>\n<p>[\/vc_column_text][\/vc_column][vc_column width=&#8221;1\/2&#8243;][vc_empty_space][vc_column_text css=&#8221;&#8221;]<\/p>\n<h1><span style=\"color: #000000;\">CONECTA:<\/span><br \/>\n<span style=\"color: #000000;\">&#8220;Nunca odies solo ama&#8221;.<\/span><\/h1>\n<p>[\/vc_column_text][\/vc_column][\/vc_row][vc_row][vc_column width=&#8221;1\/2&#8243;][\/vc_column][vc_column width=&#8221;1\/2&#8243;][vc_column_text css=&#8221;&#8221;]<\/p>\n<h4><span style=\"color: #000000;\">* <strong>Resultados cient\u00edficos comprobados por el <\/strong><\/span><strong><span style=\"color: #000000;\">Instituto de la Energ\u00eda Humana <\/span><\/strong><span style=\"color: #000000;\"><strong>, evidencian que en el momento en que se reza o verbaliza la frase \u201c<strong>nunca odies s\u00f3lo ama<\/strong>\u201d, funciona como un comando interno que suspende el flujo de energ\u00eda negativa derivada de la respuesta autom\u00e1tica animal, la negatividad se detiene porque el mecanismo de defensa disparado tambi\u00e9n se detiene, impidiendo el da\u00f1o y el autoenvenenamiento con esas sustancias de defensa producidas y que luego ser\u00e1n reabsorbidas en el cuerpo, incluyendo todos los terribles efectos secundarios derivados de esos procesos.<\/strong><\/span><\/h4>\n<p>[\/vc_column_text][vc_column_text css=&#8221;&#8221;]Esta declaraci\u00f3n ha sido firmada digitalmente con un <a href=\"https:\/\/www.verumveritas.org\/cloud\/index.php\/apps\/libresign\/validation\/55ec517c-9171-47f7-bf3f-a4717fd6aa4d\" target=\"_blank\" rel=\"noopener\"><strong>Certificado de la Verdad (CotT)<\/strong><\/a><br \/>\n<strong>por Verum Veritas Corporation<br \/>\n<\/strong>[\/vc_column_text][vc_empty_space][\/vc_column][\/vc_row][vc_row][vc_column][vc_empty_space]\n\t<div  class=\"hr-title hr-double hr-center\" style=\"\"><abbr><i class=\"icon-award icon-large\"><\/i> NING\u00daN OTRO COACHING O M\u00c9TODO ES TAN SUPERIOR COMO ESTE<\/abbr><\/div>[vc_empty_space][\/vc_column][\/vc_row][vc_row full_height=&#8221;yes&#8221; section_type=&#8221;socket&#8221; type=&#8221;color&#8221; bg_color=&#8221;#000000&#8243;][vc_column width=&#8221;1\/2&#8243;][vc_column_text css=&#8221;&#8221;]<\/p>\n<h1>ESTO ES UN ASUNTO DE SALUD F\u00cdSICA<\/h1>\n<h3>Cuando te enojas se dispara un mecanismo de defensa que prepara un c\u00f3ctel de qu\u00edmicos corporales para generar un estado de alerta y estr\u00e9s que preparan todo tu f\u00edsico para el combate, pero es drama lo que ocurre ahora por lo que todas esas poderosas sustancias fuertes tienen que ser reabsorbidas envenenando el cuerpo a la larga y deteriorando el estado de tu energ\u00eda humana.<\/h3>\n<p>[\/vc_column_text][\/vc_column][vc_column width=&#8221;1\/2&#8243;][vc_single_image image=&#8221;14925&#8243; img_size=&#8221;full&#8221; css=&#8221;&#8221;][\/vc_column][\/vc_row][vc_row type=&#8221;color&#8221; bg_color=&#8221;#D9D9D9&#8243;][vc_column width=&#8221;2\/3&#8243;][vc_single_image image=&#8221;14926&#8243; img_size=&#8221;full&#8221; css=&#8221;&#8221;][\/vc_column][vc_column width=&#8221;1\/3&#8243;][vc_column_text css=&#8221;&#8221;]<\/p>\n<h1>ESTO ES UN ASUNTO DE SALUD INTERIOR<\/h1>\n<h4>Una vez que empiezas a tolerar la ira como algo aceptable, se establece un h\u00e1bito hacia la negatividad que refuerza tu conducta hacia ese camino. El problema es que los humanos tenemos tendencia a copiar lo que vemos y esta era NO est\u00e1 cargada de lo mejor, por lo que los resultados actuales no han sido muy buenos durante d\u00e9cadas y esta oscuridad se cierne sobre nuestro interior afectando tambi\u00e9n nuestra salud mental.<\/h4>\n<p>[\/vc_column_text][\/vc_column][\/vc_row][vc_row full_height=&#8221;yes&#8221; section_type=&#8221;socket&#8221; type=&#8221;image&#8221; bg_attachment=&#8221;true&#8221; enable_parallax=&#8221;false&#8221; bg_image=&#8221;14922&#8243;][vc_column][vc_empty_space][vc_column_text css=&#8221;&#8221;]<\/p>\n<h1 style=\"text-align: center;\">somos nosotros mismos quienes tenemos dividida a nuestra sociedad<\/h1>\n<h1 style=\"text-align: center;\">debido a nuestros caracteres negativos:<\/h1>\n<h1 style=\"text-align: center;\">\u2013 En el fondo tenemos miedo<\/h1>\n<h1 style=\"text-align: center;\">y desconfiamos los unos de los otros \u2013<\/h1>\n<p>[\/vc_column_text][vc_empty_space][\/vc_column][\/vc_row][vc_row full_height=&#8221;yes&#8221; content_placement=&#8221;middle&#8221; section_type=&#8221;socket&#8221; type=&#8221;image&#8221; bg_color=&#8221;#0000002E&#8221; bg_gradient=&#8221;yes&#8221; bg_position=&#8221;center&#8221; bg_position_horizontal=&#8221;center&#8221; enable_parallax=&#8221;false&#8221; bg_image=&#8221;14923&#8243;][vc_column width=&#8221;1\/2&#8243; css=&#8221;.vc_custom_1747693096644{background-color: #00000061 !important;}&#8221;][vc_empty_space][vc_column_text css=&#8221;&#8221;]<\/p>\n<h3>C\u00e1mbiate a ti mismo<br \/>\npara cambiar el mundo<\/h3>\n<h3>Por favor<\/h3>\n<h3>NUNCA escojas:<\/h3>\n<h3>Cr\u00edtica<br \/>\nDesprecio<br \/>\nActitud defensiva<br \/>\no Desconexi\u00f3n<\/h3>\n<h3>UTILIZA SIEMPRE:<\/h3>\n<h3>Hablar<br \/>\nEscuchar<br \/>\nAnotaci\u00f3n<br \/>\nResponsabilidad<\/h3>\n<h3>GRACIAS<\/h3>\n<p>[\/vc_column_text][vc_empty_space][\/vc_column][vc_column width=&#8221;1\/2&#8243; css=&#8221;.vc_custom_1747693084581{background-color: #00000042 !important;}&#8221;][vc_empty_space][vc_column_text css=&#8221;&#8221;]<\/p>\n<h1 style=\"text-align: center;\">Por favor, abraza esta nueva era de<br \/>\nverdad y uni\u00f3n,<br \/>\nno m\u00e1s miedo y divisi\u00f3n,<br \/>\nde ahora en adelante caminamos juntos<br \/>\nhombro con hombro<br \/>\nporque nuestra cimentaci\u00f3n es<br \/>\nla aceptaci\u00f3n y el respeto<br \/>\na trav\u00e9s de la positividad y la humanidad.<\/h1>\n<p>[\/vc_column_text][vc_empty_space][\/vc_column][\/vc_row][vc_row full_height=&#8221;yes&#8221; section_type=&#8221;socket&#8221; type=&#8221;image&#8221; bg_gradient=&#8221;yes&#8221; bg_position=&#8221;center&#8221; bg_position_horizontal=&#8221;center&#8221; enable_parallax=&#8221;false&#8221; bg_image=&#8221;14921&#8243;][vc_column][vc_empty_space][vc_column_text css=&#8221;&#8221;]<\/p>\n<h1 style=\"text-align: center;\">Lo positivo es superior a lo negativo<br \/>\ncomo \u00fanico camino hacia el verdadero crecimiento y desarrollo humano.<\/h1>\n<p>[\/vc_column_text][vc_empty_space][vc_column_text css=&#8221;&#8221;]<\/p>\n<h1 style=\"text-align: center;\">Lo que es positivo<br \/>\naumenta tu energ\u00eda humana.<\/h1>\n<p>[\/vc_column_text][vc_empty_space][vc_column_text css=&#8221;&#8221;]<\/p>\n<h1 style=\"text-align: center;\">Nuestro empe\u00f1o mas grande es<br \/>\ndescubrir cada energ\u00eda humana que est\u00e9 disponible.<\/h1>\n<p>[\/vc_column_text][vc_empty_space][vc_video link=&#8221;https:\/\/www.youtube.com\/watch?v=0AZU8S9F0yI&#8221; css=&#8221;&#8221;][vc_empty_space][vc_video link=&#8221;https:\/\/www.youtube.com\/watch?v=5YkrMGuY-XI&#8221; css=&#8221;&#8221;][\/vc_column][\/vc_row][vc_row section_type=&#8221;alternate&#8221;][vc_column width=&#8221;1\/2&#8243;][vc_empty_space][vc_icon type=&#8221;entypo&#8221; icon_entypo=&#8221;entypo-icon entypo-icon-camera&#8221; size=&#8221;xl&#8221; align=&#8221;center&#8221; css=&#8221;&#8221;][vc_column_text css=&#8221;&#8221;]<\/p>\n<h1 style=\"text-align: center;\">Trascendamos juntos<\/h1>\n<h3 style=\"text-align: center;\">el paradigma arcaico de la negatividad y la divisi\u00f3n, m\u00e1s profunda y lejanamente.<\/h3>\n<p>[\/vc_column_text][\/vc_column][vc_column width=&#8221;1\/2&#8243;][vc_empty_space][vc_icon type=&#8221;entypo&#8221; icon_entypo=&#8221;entypo-icon entypo-icon-users&#8221; size=&#8221;xl&#8221; align=&#8221;center&#8221; css=&#8221;&#8221;][vc_column_text css=&#8221;&#8221;]<\/p>\n<h1 style=\"text-align: center;\">Juntos es la \u00fanica manera<\/h1>\n<h3 style=\"text-align: center;\">de llevar a cada uno de nosotros al siguiente nivel.<\/h3>\n<p>[\/vc_column_text][\/vc_column][\/vc_row][vc_row equal_height=&#8221;yes&#8221; content_placement=&#8221;middle&#8221; section_type=&#8221;alternate&#8221;][vc_column width=&#8221;1\/2&#8243;][vc_empty_space][vc_btn title=&#8221;Convi\u00e9rtete en uno de nosotros, solo por invitaci\u00f3n&#8221; color=&#8221;blue&#8221; size=&#8221;lg&#8221; align=&#8221;center&#8221; css=&#8221;&#8221; button_block=&#8221;true&#8221; link=&#8221;url:https%3A%2F%2Fwww.neverhateonlylove.com%2Fes%2Finvitacion%2F|title:Invitation|target:_blank&#8221;][vc_empty_space][\/vc_column][vc_column width=&#8221;1\/2&#8243;][vc_empty_space][vc_column_text css=&#8221;&#8221;]<\/p>\n<h4 style=\"text-align: left;\">T\u00fa solo logras poco,<br \/>\npero unidos estamos construyendo<br \/>\nel pr\u00f3ximo modelo de civilizaci\u00f3n que est\u00e1 por venir.<\/h4>\n<p>[\/vc_column_text][vc_empty_space][\/vc_column][\/vc_row][vc_row full_height=&#8221;yes&#8221; content_placement=&#8221;middle&#8221; section_type=&#8221;footer&#8221; type=&#8221;image&#8221; bg_attachment=&#8221;true&#8221; bg_image=&#8221;14929&#8243;][vc_column][vc_column_text css=&#8221;&#8221;]<\/p>\n<h1 style=\"text-align: center;\">GRACIAS<\/h1>\n<p>[\/vc_column_text][\/vc_column][\/vc_row][\/vc_section]<\/p>\n<\/div>","protected":false},"excerpt":{"rendered":"<p>[vc_row][vc_column][vc_single_image image=&#8221;14917&#8243; img_size=&#8221;full&#8221; alignment=&#8221;center&#8221; css=&#8221;&#8221; full_width=&#8221;yes&#8221; animation=&#8221;animate-when-almost-visible&#8221; css_animation=&#8221;top-to-bottom&#8221;][vc_column_text css=&#8221;&#8221;] &#8211; ACEPTACION Y RESPETO SIEMPRE &#8211; [\/vc_column_text][vc_custom_heading text=&#8221;SOMOS EL MOVIMIENTO GLOBAL DE UNI\u00d3N&#8221; font_container=&#8221;tag:h1|font_size:44|text_align:center|color:%239C0D0D&#8221; google_fonts=&#8221;font_family:Racing%20Sans%20One%3Aregular|font_style:400%20regular%3A400%3Anormal&#8221; css=&#8221;&#8221;][vc_row_inner css=&#8221;.vc_custom_1744956238688{background-color: #81D74273 !important;}&#8221;][vc_column_inner width=&#8221;1\/2&#8243;][vc_empty_space][vc_column_text css=&#8221;&#8221;] &#8220;UNION TAL CUAL&#8221; Cortes\u00eda de LioMusik Al\u00e9grate escuchando esta canci\u00f3n, mientras disfrutas leyendo esta incre\u00edble informaci\u00f3n. [\/vc_column_text][vc_empty_space][\/vc_column_inner][vc_column_inner width=&#8221;1\/2&#8243;][vc_empty_space][vc_column_text css=&#8221;&#8221;] Reproducir Pista: [\/vc_column_text][vc_empty_space][\/vc_column_inner][\/vc_row_inner][\/vc_column][\/vc_row][vc_section full_height=&#8221;yes&#8221; content_placement=&#8221;middle&#8221;][vc_row full_height=&#8221;yes&#8221; section_type=&#8221;socket&#8221; type=&#8221;image&#8221; bg_gradient=&#8221;yes&#8221; bg_position=&#8221;center&#8221; bg_position_horizontal=&#8221;center&#8221; [&hellip;]<\/p>\n","protected":false},"author":1,"featured_media":0,"parent":0,"menu_order":0,"comment_status":"closed","ping_status":"closed","template":"","meta":{"_bbp_topic_count":0,"_bbp_reply_count":0,"_bbp_total_topic_count":0,"_bbp_total_reply_count":0,"_bbp_voice_count":0,"_bbp_anonymous_reply_count":0,"_bbp_topic_count_hidden":0,"_bbp_reply_count_hidden":0,"_bbp_forum_subforum_count":0,"pmpro_default_level":"","footnotes":""},"class_list":["post-14937","page","type-page","status-publish","hentry","pmpro-has-access"],"yoast_head":"<!-- This site is optimized with the Yoast SEO Premium plugin v26.6 (Yoast SEO v27.3) - https:\/\/yoast.com\/product\/yoast-seo-premium-wordpress\/ -->\n<title>Portada - NeverHateOnlyLove<\/title>\n<meta name=\"robots\" content=\"index, follow, max-snippet:-1, max-image-preview:large, max-video-preview:-1\" \/>\n<link rel=\"canonical\" href=\"https:\/\/www.neverhateonlylove.com\/es\/\" \/>\n<meta property=\"og:locale\" content=\"es_ES\" \/>\n<meta property=\"og:type\" content=\"article\" \/>\n<meta property=\"og:title\" content=\"Portada\" \/>\n<meta property=\"og:description\" content=\"[vc_row][vc_column][vc_single_image image=&#8221;14917&#8243; img_size=&#8221;full&#8221; alignment=&#8221;center&#8221; css=&#8221;&#8221; full_width=&#8221;yes&#8221; animation=&#8221;animate-when-almost-visible&#8221; css_animation=&#8221;top-to-bottom&#8221;][vc_column_text css=&#8221;&#8221;] &#8211; ACEPTACION Y RESPETO SIEMPRE &#8211; [\/vc_column_text][vc_custom_heading text=&#8221;SOMOS EL MOVIMIENTO GLOBAL DE UNI\u00d3N&#8221; font_container=&#8221;tag:h1|font_size:44|text_align:center|color:%239C0D0D&#8221; google_fonts=&#8221;font_family:Racing%20Sans%20One%3Aregular|font_style:400%20regular%3A400%3Anormal&#8221; css=&#8221;&#8221;][vc_row_inner css=&#8221;.vc_custom_1744956238688{background-color: #81D74273 !important;}&#8221;][vc_column_inner width=&#8221;1\/2&#8243;][vc_empty_space][vc_column_text css=&#8221;&#8221;] &#8220;UNION TAL CUAL&#8221; Cortes\u00eda de LioMusik Al\u00e9grate escuchando esta canci\u00f3n, mientras disfrutas leyendo esta incre\u00edble informaci\u00f3n. [\/vc_column_text][vc_empty_space][\/vc_column_inner][vc_column_inner width=&#8221;1\/2&#8243;][vc_empty_space][vc_column_text css=&#8221;&#8221;] Reproducir Pista: [\/vc_column_text][vc_empty_space][\/vc_column_inner][\/vc_row_inner][\/vc_column][\/vc_row][vc_section full_height=&#8221;yes&#8221; content_placement=&#8221;middle&#8221;][vc_row full_height=&#8221;yes&#8221; section_type=&#8221;socket&#8221; type=&#8221;image&#8221; bg_gradient=&#8221;yes&#8221; bg_position=&#8221;center&#8221; bg_position_horizontal=&#8221;center&#8221; [&hellip;]\" \/>\n<meta property=\"og:url\" content=\"https:\/\/www.neverhateonlylove.com\/es\/\" \/>\n<meta property=\"og:site_name\" content=\"NeverHateOnlyLove\" \/>\n<meta property=\"article:modified_time\" content=\"2025-10-09T05:01:56+00:00\" \/>\n<meta property=\"og:image\" content=\"https:\/\/www.neverhateonlylove.com\/wp-content\/uploads\/2025\/03\/nhollogo2020-96.png\" \/>\n\t<meta property=\"og:image:width\" content=\"735\" \/>\n\t<meta property=\"og:image:height\" content=\"512\" \/>\n\t<meta property=\"og:image:type\" content=\"image\/png\" \/>\n<meta name=\"twitter:card\" content=\"summary_large_image\" \/>\n<meta name=\"twitter:label1\" content=\"Tiempo de lectura\" \/>\n\t<meta name=\"twitter:data1\" content=\"4 minutos\" \/>\n<script type=\"application\/ld+json\" class=\"yoast-schema-graph\">{\"@context\":\"https:\\\/\\\/schema.org\",\"@graph\":[{\"@type\":\"WebPage\",\"@id\":\"https:\\\/\\\/www.neverhateonlylove.com\\\/es\\\/\",\"url\":\"https:\\\/\\\/www.neverhateonlylove.com\\\/es\\\/\",\"name\":\"Portada - NeverHateOnlyLove\",\"isPartOf\":{\"@id\":\"https:\\\/\\\/www.neverhateonlylove.com\\\/#website\"},\"datePublished\":\"2025-03-17T21:03:05+00:00\",\"dateModified\":\"2025-10-09T05:01:56+00:00\",\"breadcrumb\":{\"@id\":\"https:\\\/\\\/www.neverhateonlylove.com\\\/es\\\/#breadcrumb\"},\"inLanguage\":\"es\",\"potentialAction\":[{\"@type\":\"ReadAction\",\"target\":[\"https:\\\/\\\/www.neverhateonlylove.com\\\/es\\\/\"]}]},{\"@type\":\"BreadcrumbList\",\"@id\":\"https:\\\/\\\/www.neverhateonlylove.com\\\/es\\\/#breadcrumb\",\"itemListElement\":[{\"@type\":\"ListItem\",\"position\":1,\"name\":\"Home\",\"item\":\"https:\\\/\\\/www.neverhateonlylove.com\\\/es\\\/\"},{\"@type\":\"ListItem\",\"position\":2,\"name\":\"Portada\"}]},{\"@type\":\"WebSite\",\"@id\":\"https:\\\/\\\/www.neverhateonlylove.com\\\/#website\",\"url\":\"https:\\\/\\\/www.neverhateonlylove.com\\\/\",\"name\":\"NeverHateOnlyLove\",\"description\":\"Humanity for everyone\",\"publisher\":{\"@id\":\"https:\\\/\\\/www.neverhateonlylove.com\\\/#organization\"},\"potentialAction\":[{\"@type\":\"SearchAction\",\"target\":{\"@type\":\"EntryPoint\",\"urlTemplate\":\"https:\\\/\\\/www.neverhateonlylove.com\\\/?s={search_term_string}\"},\"query-input\":{\"@type\":\"PropertyValueSpecification\",\"valueRequired\":true,\"valueName\":\"search_term_string\"}}],\"inLanguage\":\"es\"},{\"@type\":\"Organization\",\"@id\":\"https:\\\/\\\/www.neverhateonlylove.com\\\/#organization\",\"name\":\"NeverHateOnlyLove\",\"url\":\"https:\\\/\\\/www.neverhateonlylove.com\\\/\",\"logo\":{\"@type\":\"ImageObject\",\"inLanguage\":\"es\",\"@id\":\"https:\\\/\\\/www.neverhateonlylove.com\\\/#\\\/schema\\\/logo\\\/image\\\/\",\"url\":\"https:\\\/\\\/www.neverhateonlylove.com\\\/wp-content\\\/uploads\\\/2025\\\/03\\\/nhollogo2020-96.png\",\"contentUrl\":\"https:\\\/\\\/www.neverhateonlylove.com\\\/wp-content\\\/uploads\\\/2025\\\/03\\\/nhollogo2020-96.png\",\"width\":735,\"height\":512,\"caption\":\"NeverHateOnlyLove\"},\"image\":{\"@id\":\"https:\\\/\\\/www.neverhateonlylove.com\\\/#\\\/schema\\\/logo\\\/image\\\/\"}}]}<\/script>\n<!-- \/ Yoast SEO Premium plugin. -->","yoast_head_json":{"title":"Portada - NeverHateOnlyLove","robots":{"index":"index","follow":"follow","max-snippet":"max-snippet:-1","max-image-preview":"max-image-preview:large","max-video-preview":"max-video-preview:-1"},"canonical":"https:\/\/www.neverhateonlylove.com\/es\/","og_locale":"es_ES","og_type":"article","og_title":"Portada","og_description":"[vc_row][vc_column][vc_single_image image=&#8221;14917&#8243; img_size=&#8221;full&#8221; alignment=&#8221;center&#8221; css=&#8221;&#8221; full_width=&#8221;yes&#8221; animation=&#8221;animate-when-almost-visible&#8221; css_animation=&#8221;top-to-bottom&#8221;][vc_column_text css=&#8221;&#8221;] &#8211; ACEPTACION Y RESPETO SIEMPRE &#8211; [\/vc_column_text][vc_custom_heading text=&#8221;SOMOS EL MOVIMIENTO GLOBAL DE UNI\u00d3N&#8221; font_container=&#8221;tag:h1|font_size:44|text_align:center|color:%239C0D0D&#8221; google_fonts=&#8221;font_family:Racing%20Sans%20One%3Aregular|font_style:400%20regular%3A400%3Anormal&#8221; css=&#8221;&#8221;][vc_row_inner css=&#8221;.vc_custom_1744956238688{background-color: #81D74273 !important;}&#8221;][vc_column_inner width=&#8221;1\/2&#8243;][vc_empty_space][vc_column_text css=&#8221;&#8221;] &#8220;UNION TAL CUAL&#8221; Cortes\u00eda de LioMusik Al\u00e9grate escuchando esta canci\u00f3n, mientras disfrutas leyendo esta incre\u00edble informaci\u00f3n. [\/vc_column_text][vc_empty_space][\/vc_column_inner][vc_column_inner width=&#8221;1\/2&#8243;][vc_empty_space][vc_column_text css=&#8221;&#8221;] Reproducir Pista: [\/vc_column_text][vc_empty_space][\/vc_column_inner][\/vc_row_inner][\/vc_column][\/vc_row][vc_section full_height=&#8221;yes&#8221; content_placement=&#8221;middle&#8221;][vc_row full_height=&#8221;yes&#8221; section_type=&#8221;socket&#8221; type=&#8221;image&#8221; bg_gradient=&#8221;yes&#8221; bg_position=&#8221;center&#8221; bg_position_horizontal=&#8221;center&#8221; [&hellip;]","og_url":"https:\/\/www.neverhateonlylove.com\/es\/","og_site_name":"NeverHateOnlyLove","article_modified_time":"2025-10-09T05:01:56+00:00","og_image":[{"width":735,"height":512,"url":"https:\/\/www.neverhateonlylove.com\/wp-content\/uploads\/2025\/03\/nhollogo2020-96.png","type":"image\/png"}],"twitter_card":"summary_large_image","twitter_misc":{"Tiempo de lectura":"4 minutos"},"schema":{"@context":"https:\/\/schema.org","@graph":[{"@type":"WebPage","@id":"https:\/\/www.neverhateonlylove.com\/es\/","url":"https:\/\/www.neverhateonlylove.com\/es\/","name":"Portada - NeverHateOnlyLove","isPartOf":{"@id":"https:\/\/www.neverhateonlylove.com\/#website"},"datePublished":"2025-03-17T21:03:05+00:00","dateModified":"2025-10-09T05:01:56+00:00","breadcrumb":{"@id":"https:\/\/www.neverhateonlylove.com\/es\/#breadcrumb"},"inLanguage":"es","potentialAction":[{"@type":"ReadAction","target":["https:\/\/www.neverhateonlylove.com\/es\/"]}]},{"@type":"BreadcrumbList","@id":"https:\/\/www.neverhateonlylove.com\/es\/#breadcrumb","itemListElement":[{"@type":"ListItem","position":1,"name":"Home","item":"https:\/\/www.neverhateonlylove.com\/es\/"},{"@type":"ListItem","position":2,"name":"Portada"}]},{"@type":"WebSite","@id":"https:\/\/www.neverhateonlylove.com\/#website","url":"https:\/\/www.neverhateonlylove.com\/","name":"NeverHateOnlyLove","description":"Humanity for everyone","publisher":{"@id":"https:\/\/www.neverhateonlylove.com\/#organization"},"potentialAction":[{"@type":"SearchAction","target":{"@type":"EntryPoint","urlTemplate":"https:\/\/www.neverhateonlylove.com\/?s={search_term_string}"},"query-input":{"@type":"PropertyValueSpecification","valueRequired":true,"valueName":"search_term_string"}}],"inLanguage":"es"},{"@type":"Organization","@id":"https:\/\/www.neverhateonlylove.com\/#organization","name":"NeverHateOnlyLove","url":"https:\/\/www.neverhateonlylove.com\/","logo":{"@type":"ImageObject","inLanguage":"es","@id":"https:\/\/www.neverhateonlylove.com\/#\/schema\/logo\/image\/","url":"https:\/\/www.neverhateonlylove.com\/wp-content\/uploads\/2025\/03\/nhollogo2020-96.png","contentUrl":"https:\/\/www.neverhateonlylove.com\/wp-content\/uploads\/2025\/03\/nhollogo2020-96.png","width":735,"height":512,"caption":"NeverHateOnlyLove"},"image":{"@id":"https:\/\/www.neverhateonlylove.com\/#\/schema\/logo\/image\/"}}]}},"_links":{"self":[{"href":"https:\/\/www.neverhateonlylove.com\/es\/wp-json\/wp\/v2\/pages\/14937","targetHints":{"allow":["GET"]}}],"collection":[{"href":"https:\/\/www.neverhateonlylove.com\/es\/wp-json\/wp\/v2\/pages"}],"about":[{"href":"https:\/\/www.neverhateonlylove.com\/es\/wp-json\/wp\/v2\/types\/page"}],"author":[{"embeddable":true,"href":"https:\/\/www.neverhateonlylove.com\/es\/wp-json\/wp\/v2\/users\/1"}],"replies":[{"embeddable":true,"href":"https:\/\/www.neverhateonlylove.com\/es\/wp-json\/wp\/v2\/comments?post=14937"}],"version-history":[{"count":37,"href":"https:\/\/www.neverhateonlylove.com\/es\/wp-json\/wp\/v2\/pages\/14937\/revisions"}],"predecessor-version":[{"id":15235,"href":"https:\/\/www.neverhateonlylove.com\/es\/wp-json\/wp\/v2\/pages\/14937\/revisions\/15235"}],"wp:attachment":[{"href":"https:\/\/www.neverhateonlylove.com\/es\/wp-json\/wp\/v2\/media?parent=14937"}],"curies":[{"name":"wp","href":"https:\/\/api.w.org\/{rel}","templated":true}]}}