{"id":1242,"date":"2021-08-26T23:04:29","date_gmt":"2021-08-27T06:04:29","guid":{"rendered":"https:\/\/www.neverhateonlylove.com\/nuestros-instituciones\/"},"modified":"2022-12-28T09:49:29","modified_gmt":"2022-12-28T17:49:29","slug":"nuestras-instituciones","status":"publish","type":"page","link":"https:\/\/www.neverhateonlylove.com\/es\/nuestras-instituciones\/","title":{"rendered":"Nuestras Instituciones"},"content":{"rendered":"<div class=\"wpb-content-wrapper\"><p>[vc_row padding_top=&#8221;32&#8243; padding_bottom=&#8221;10&#8243;][vc_column width=&#8221;1\/6&#8243;][\/vc_column][vc_column width=&#8221;2\/3&#8243;][vc_custom_heading text=&#8221;= Los pilares de nuestra fundaci\u00f3n =&#8221; font_container=&#8221;tag:h2|text_align:center&#8221; use_theme_fonts=&#8221;yes&#8221;][\/vc_column][vc_column width=&#8221;1\/6&#8243;][\/vc_column][\/vc_row][vc_row type=&#8221;color&#8221; padding_top=&#8221;20&#8243; padding_bottom=&#8221;20&#8243;][vc_column width=&#8221;1\/6&#8243;][\/vc_column][vc_column width=&#8221;1\/3&#8243; css=&#8221;.vc_custom_1626305352052{background-color: #eaf5ff !important;}&#8221;][vc_empty_space height=&#8221;16px&#8221;][vc_single_image image=&#8221;4001&#8243; img_size=&#8221;full&#8221; alignment=&#8221;center&#8221; onclick=&#8221;custom_link&#8221; animation=&#8221;animate-when-almost-visible&#8221; css_animation=&#8221;left-to-right&#8221; link=&#8221;https:\/\/www.neverhateonlylove.com\/es\/sinagoga\/&#8221;][vc_column_text]<\/p>\n<h5><strong> LA PERSPECTIVA RELIGIOSA Y METAF\u00cdSICA: El &#8220;interior&#8221; de tu ser humano. Descubrir, ejercitar y dominar la filosof\u00eda, la meditaci\u00f3n y asuntos que solo pueden suceder dentro de ti.<br \/>\n<\/strong><\/h5>\n<p>[\/vc_column_text][vc_empty_space][\/vc_column][vc_column width=&#8221;1\/3&#8243; css=&#8221;.vc_custom_1626305524556{background-color: #ffefef !important;}&#8221;][vc_empty_space height=&#8221;16px&#8221;][vc_single_image image=&#8221;87&#8243; img_size=&#8221;medium&#8221; alignment=&#8221;center&#8221; onclick=&#8221;custom_link&#8221; animation=&#8221;animate-when-almost-visible&#8221; link=&#8221;https:\/\/www.neverhateonlylove.com\/es\/instituto\/&#8221;][vc_column_text]<\/p>\n<h5><strong> LA PERSPECTIVA CIENT\u00cdFICA Y F\u00cdSICA: El &#8220;exterior&#8221; del ser humano. Para encontrar, innovar e ir m\u00e1s all\u00e1 de la ciencia convencional, la estad\u00edstica, los n\u00fameros y las matem\u00e1ticas. <\/strong><\/h5>\n<p>[\/vc_column_text][vc_empty_space][\/vc_column][vc_column width=&#8221;1\/6&#8243;][\/vc_column][\/vc_row][vc_row][vc_column][vc_custom_heading text=&#8221;= Nuestras Instituciones =&#8221; font_container=&#8221;tag:h2|text_align:center&#8221; use_theme_fonts=&#8221;yes&#8221;][vc_basic_grid post_type=&#8221;portfolio&#8221; max_items=&#8221;12&#8243; style=&#8221;lazy&#8221; items_per_page=&#8221;2&#8243; element_width=&#8221;6&#8243; gap=&#8221;20&#8243; item=&#8221;basicGrid_NoAnimation&#8221; initial_loading_animation=&#8221;zoomIn&#8221; grid_id=&#8221;vc_gid:1672249743325-5d0f75f3-07d0-1&#8243;][\/vc_column][\/vc_row]<\/p>\n<\/div>","protected":false},"excerpt":{"rendered":"<p>[vc_row padding_top=&#8221;32&#8243; padding_bottom=&#8221;10&#8243;][vc_column width=&#8221;1\/6&#8243;][\/vc_column][vc_column width=&#8221;2\/3&#8243;][vc_custom_heading text=&#8221;= Los pilares de nuestra fundaci\u00f3n =&#8221; font_container=&#8221;tag:h2|text_align:center&#8221; use_theme_fonts=&#8221;yes&#8221;][\/vc_column][vc_column width=&#8221;1\/6&#8243;][\/vc_column][\/vc_row][vc_row type=&#8221;color&#8221; padding_top=&#8221;20&#8243; padding_bottom=&#8221;20&#8243;][vc_column width=&#8221;1\/6&#8243;][\/vc_column][vc_column width=&#8221;1\/3&#8243; css=&#8221;.vc_custom_1626305352052{background-color: #eaf5ff !important;}&#8221;][vc_empty_space height=&#8221;16px&#8221;][vc_single_image image=&#8221;4001&#8243; img_size=&#8221;full&#8221; alignment=&#8221;center&#8221; onclick=&#8221;custom_link&#8221; animation=&#8221;animate-when-almost-visible&#8221; css_animation=&#8221;left-to-right&#8221; link=&#8221;https:\/\/www.neverhateonlylove.com\/es\/sinagoga\/&#8221;][vc_column_text] LA PERSPECTIVA RELIGIOSA Y METAF\u00cdSICA: El &#8220;interior&#8221; de tu ser humano. Descubrir, ejercitar y dominar la filosof\u00eda, la meditaci\u00f3n y asuntos que solo pueden suceder dentro de ti. [\/vc_column_text][vc_empty_space][\/vc_column][vc_column [&hellip;]<\/p>\n","protected":false},"author":1,"featured_media":0,"parent":0,"menu_order":0,"comment_status":"closed","ping_status":"closed","template":"","meta":{"_bbp_topic_count":0,"_bbp_reply_count":0,"_bbp_total_topic_count":0,"_bbp_total_reply_count":0,"_bbp_voice_count":0,"_bbp_anonymous_reply_count":0,"_bbp_topic_count_hidden":0,"_bbp_reply_count_hidden":0,"_bbp_forum_subforum_count":0,"pmpro_default_level":"","footnotes":""},"class_list":["post-1242","page","type-page","status-publish","hentry","pmpro-has-access"],"yoast_head":"<!-- This site is optimized with the Yoast SEO Premium plugin v26.6 (Yoast SEO v27.5) - https:\/\/yoast.com\/product\/yoast-seo-premium-wordpress\/ -->\n<title>Nuestras Instituciones - NeverHateOnlyLove<\/title>\n<meta name=\"robots\" content=\"index, follow, max-snippet:-1, max-image-preview:large, max-video-preview:-1\" \/>\n<link rel=\"canonical\" href=\"https:\/\/www.neverhateonlylove.com\/our-institutions\/\" \/>\n<meta property=\"og:locale\" content=\"es_ES\" \/>\n<meta property=\"og:type\" content=\"article\" \/>\n<meta property=\"og:title\" content=\"Nuestras Instituciones\" \/>\n<meta property=\"og:description\" content=\"[vc_row padding_top=&#8221;32&#8243; padding_bottom=&#8221;10&#8243;][vc_column width=&#8221;1\/6&#8243;][\/vc_column][vc_column width=&#8221;2\/3&#8243;][vc_custom_heading text=&#8221;= Los pilares de nuestra fundaci\u00f3n =&#8221; font_container=&#8221;tag:h2|text_align:center&#8221; use_theme_fonts=&#8221;yes&#8221;][\/vc_column][vc_column width=&#8221;1\/6&#8243;][\/vc_column][\/vc_row][vc_row type=&#8221;color&#8221; padding_top=&#8221;20&#8243; padding_bottom=&#8221;20&#8243;][vc_column width=&#8221;1\/6&#8243;][\/vc_column][vc_column width=&#8221;1\/3&#8243; css=&#8221;.vc_custom_1626305352052{background-color: #eaf5ff !important;}&#8221;][vc_empty_space height=&#8221;16px&#8221;][vc_single_image image=&#8221;4001&#8243; img_size=&#8221;full&#8221; alignment=&#8221;center&#8221; onclick=&#8221;custom_link&#8221; animation=&#8221;animate-when-almost-visible&#8221; css_animation=&#8221;left-to-right&#8221; link=&#8221;https:\/\/www.neverhateonlylove.com\/es\/sinagoga\/&#8221;][vc_column_text] LA PERSPECTIVA RELIGIOSA Y METAF\u00cdSICA: El &#8220;interior&#8221; de tu ser humano. Descubrir, ejercitar y dominar la filosof\u00eda, la meditaci\u00f3n y asuntos que solo pueden suceder dentro de ti. [\/vc_column_text][vc_empty_space][\/vc_column][vc_column [&hellip;]\" \/>\n<meta property=\"og:url\" content=\"https:\/\/www.neverhateonlylove.com\/our-institutions\/\" \/>\n<meta property=\"og:site_name\" content=\"NeverHateOnlyLove\" \/>\n<meta property=\"article:modified_time\" content=\"2022-12-28T17:49:29+00:00\" \/>\n<meta property=\"og:image\" content=\"https:\/\/www.neverhateonlylove.com\/wp-content\/uploads\/2025\/03\/nhollogo2020-96.png\" \/>\n\t<meta property=\"og:image:width\" content=\"735\" \/>\n\t<meta property=\"og:image:height\" content=\"512\" \/>\n\t<meta property=\"og:image:type\" content=\"image\/png\" \/>\n<meta name=\"twitter:card\" content=\"summary_large_image\" \/>\n<meta name=\"twitter:label1\" content=\"Tiempo de lectura\" \/>\n\t<meta name=\"twitter:data1\" content=\"1 minuto\" \/>\n<script type=\"application\/ld+json\" class=\"yoast-schema-graph\">{\"@context\":\"https:\\\/\\\/schema.org\",\"@graph\":[{\"@type\":\"WebPage\",\"@id\":\"https:\\\/\\\/www.neverhateonlylove.com\\\/our-institutions\\\/\",\"url\":\"https:\\\/\\\/www.neverhateonlylove.com\\\/our-institutions\\\/\",\"name\":\"Nuestras Instituciones - NeverHateOnlyLove\",\"isPartOf\":{\"@id\":\"https:\\\/\\\/www.neverhateonlylove.com\\\/#website\"},\"datePublished\":\"2021-08-27T06:04:29+00:00\",\"dateModified\":\"2022-12-28T17:49:29+00:00\",\"breadcrumb\":{\"@id\":\"https:\\\/\\\/www.neverhateonlylove.com\\\/our-institutions\\\/#breadcrumb\"},\"inLanguage\":\"es\",\"potentialAction\":[{\"@type\":\"ReadAction\",\"target\":[\"https:\\\/\\\/www.neverhateonlylove.com\\\/our-institutions\\\/\"]}]},{\"@type\":\"BreadcrumbList\",\"@id\":\"https:\\\/\\\/www.neverhateonlylove.com\\\/our-institutions\\\/#breadcrumb\",\"itemListElement\":[{\"@type\":\"ListItem\",\"position\":1,\"name\":\"Home\",\"item\":\"https:\\\/\\\/www.neverhateonlylove.com\\\/es\\\/\"},{\"@type\":\"ListItem\",\"position\":2,\"name\":\"Nuestras Instituciones\"}]},{\"@type\":\"WebSite\",\"@id\":\"https:\\\/\\\/www.neverhateonlylove.com\\\/#website\",\"url\":\"https:\\\/\\\/www.neverhateonlylove.com\\\/\",\"name\":\"NeverHateOnlyLove\",\"description\":\"Humanity for everyone\",\"publisher\":{\"@id\":\"https:\\\/\\\/www.neverhateonlylove.com\\\/#organization\"},\"potentialAction\":[{\"@type\":\"SearchAction\",\"target\":{\"@type\":\"EntryPoint\",\"urlTemplate\":\"https:\\\/\\\/www.neverhateonlylove.com\\\/?s={search_term_string}\"},\"query-input\":{\"@type\":\"PropertyValueSpecification\",\"valueRequired\":true,\"valueName\":\"search_term_string\"}}],\"inLanguage\":\"es\"},{\"@type\":\"Organization\",\"@id\":\"https:\\\/\\\/www.neverhateonlylove.com\\\/#organization\",\"name\":\"NeverHateOnlyLove\",\"url\":\"https:\\\/\\\/www.neverhateonlylove.com\\\/\",\"logo\":{\"@type\":\"ImageObject\",\"inLanguage\":\"es\",\"@id\":\"https:\\\/\\\/www.neverhateonlylove.com\\\/#\\\/schema\\\/logo\\\/image\\\/\",\"url\":\"https:\\\/\\\/www.neverhateonlylove.com\\\/wp-content\\\/uploads\\\/2025\\\/03\\\/nhollogo2020-96.png\",\"contentUrl\":\"https:\\\/\\\/www.neverhateonlylove.com\\\/wp-content\\\/uploads\\\/2025\\\/03\\\/nhollogo2020-96.png\",\"width\":735,\"height\":512,\"caption\":\"NeverHateOnlyLove\"},\"image\":{\"@id\":\"https:\\\/\\\/www.neverhateonlylove.com\\\/#\\\/schema\\\/logo\\\/image\\\/\"}}]}<\/script>\n<!-- \/ Yoast SEO Premium plugin. -->","yoast_head_json":{"title":"Nuestras Instituciones - NeverHateOnlyLove","robots":{"index":"index","follow":"follow","max-snippet":"max-snippet:-1","max-image-preview":"max-image-preview:large","max-video-preview":"max-video-preview:-1"},"canonical":"https:\/\/www.neverhateonlylove.com\/our-institutions\/","og_locale":"es_ES","og_type":"article","og_title":"Nuestras Instituciones","og_description":"[vc_row padding_top=&#8221;32&#8243; padding_bottom=&#8221;10&#8243;][vc_column width=&#8221;1\/6&#8243;][\/vc_column][vc_column width=&#8221;2\/3&#8243;][vc_custom_heading text=&#8221;= Los pilares de nuestra fundaci\u00f3n =&#8221; font_container=&#8221;tag:h2|text_align:center&#8221; use_theme_fonts=&#8221;yes&#8221;][\/vc_column][vc_column width=&#8221;1\/6&#8243;][\/vc_column][\/vc_row][vc_row type=&#8221;color&#8221; padding_top=&#8221;20&#8243; padding_bottom=&#8221;20&#8243;][vc_column width=&#8221;1\/6&#8243;][\/vc_column][vc_column width=&#8221;1\/3&#8243; css=&#8221;.vc_custom_1626305352052{background-color: #eaf5ff !important;}&#8221;][vc_empty_space height=&#8221;16px&#8221;][vc_single_image image=&#8221;4001&#8243; img_size=&#8221;full&#8221; alignment=&#8221;center&#8221; onclick=&#8221;custom_link&#8221; animation=&#8221;animate-when-almost-visible&#8221; css_animation=&#8221;left-to-right&#8221; link=&#8221;https:\/\/www.neverhateonlylove.com\/es\/sinagoga\/&#8221;][vc_column_text] LA PERSPECTIVA RELIGIOSA Y METAF\u00cdSICA: El &#8220;interior&#8221; de tu ser humano. Descubrir, ejercitar y dominar la filosof\u00eda, la meditaci\u00f3n y asuntos que solo pueden suceder dentro de ti. [\/vc_column_text][vc_empty_space][\/vc_column][vc_column [&hellip;]","og_url":"https:\/\/www.neverhateonlylove.com\/our-institutions\/","og_site_name":"NeverHateOnlyLove","article_modified_time":"2022-12-28T17:49:29+00:00","og_image":[{"width":735,"height":512,"url":"https:\/\/www.neverhateonlylove.com\/wp-content\/uploads\/2025\/03\/nhollogo2020-96.png","type":"image\/png"}],"twitter_card":"summary_large_image","twitter_misc":{"Tiempo de lectura":"1 minuto"},"schema":{"@context":"https:\/\/schema.org","@graph":[{"@type":"WebPage","@id":"https:\/\/www.neverhateonlylove.com\/our-institutions\/","url":"https:\/\/www.neverhateonlylove.com\/our-institutions\/","name":"Nuestras Instituciones - NeverHateOnlyLove","isPartOf":{"@id":"https:\/\/www.neverhateonlylove.com\/#website"},"datePublished":"2021-08-27T06:04:29+00:00","dateModified":"2022-12-28T17:49:29+00:00","breadcrumb":{"@id":"https:\/\/www.neverhateonlylove.com\/our-institutions\/#breadcrumb"},"inLanguage":"es","potentialAction":[{"@type":"ReadAction","target":["https:\/\/www.neverhateonlylove.com\/our-institutions\/"]}]},{"@type":"BreadcrumbList","@id":"https:\/\/www.neverhateonlylove.com\/our-institutions\/#breadcrumb","itemListElement":[{"@type":"ListItem","position":1,"name":"Home","item":"https:\/\/www.neverhateonlylove.com\/es\/"},{"@type":"ListItem","position":2,"name":"Nuestras Instituciones"}]},{"@type":"WebSite","@id":"https:\/\/www.neverhateonlylove.com\/#website","url":"https:\/\/www.neverhateonlylove.com\/","name":"NeverHateOnlyLove","description":"Humanity for everyone","publisher":{"@id":"https:\/\/www.neverhateonlylove.com\/#organization"},"potentialAction":[{"@type":"SearchAction","target":{"@type":"EntryPoint","urlTemplate":"https:\/\/www.neverhateonlylove.com\/?s={search_term_string}"},"query-input":{"@type":"PropertyValueSpecification","valueRequired":true,"valueName":"search_term_string"}}],"inLanguage":"es"},{"@type":"Organization","@id":"https:\/\/www.neverhateonlylove.com\/#organization","name":"NeverHateOnlyLove","url":"https:\/\/www.neverhateonlylove.com\/","logo":{"@type":"ImageObject","inLanguage":"es","@id":"https:\/\/www.neverhateonlylove.com\/#\/schema\/logo\/image\/","url":"https:\/\/www.neverhateonlylove.com\/wp-content\/uploads\/2025\/03\/nhollogo2020-96.png","contentUrl":"https:\/\/www.neverhateonlylove.com\/wp-content\/uploads\/2025\/03\/nhollogo2020-96.png","width":735,"height":512,"caption":"NeverHateOnlyLove"},"image":{"@id":"https:\/\/www.neverhateonlylove.com\/#\/schema\/logo\/image\/"}}]}},"_links":{"self":[{"href":"https:\/\/www.neverhateonlylove.com\/es\/wp-json\/wp\/v2\/pages\/1242","targetHints":{"allow":["GET"]}}],"collection":[{"href":"https:\/\/www.neverhateonlylove.com\/es\/wp-json\/wp\/v2\/pages"}],"about":[{"href":"https:\/\/www.neverhateonlylove.com\/es\/wp-json\/wp\/v2\/types\/page"}],"author":[{"embeddable":true,"href":"https:\/\/www.neverhateonlylove.com\/es\/wp-json\/wp\/v2\/users\/1"}],"replies":[{"embeddable":true,"href":"https:\/\/www.neverhateonlylove.com\/es\/wp-json\/wp\/v2\/comments?post=1242"}],"version-history":[{"count":2,"href":"https:\/\/www.neverhateonlylove.com\/es\/wp-json\/wp\/v2\/pages\/1242\/revisions"}],"predecessor-version":[{"id":4138,"href":"https:\/\/www.neverhateonlylove.com\/es\/wp-json\/wp\/v2\/pages\/1242\/revisions\/4138"}],"wp:attachment":[{"href":"https:\/\/www.neverhateonlylove.com\/es\/wp-json\/wp\/v2\/media?parent=1242"}],"curies":[{"name":"wp","href":"https:\/\/api.w.org\/{rel}","templated":true}]}}